{"id":537,"date":"2022-01-19T13:23:13","date_gmt":"2022-01-19T13:23:13","guid":{"rendered":"http:\/\/bambergerpolymers.com\/products\/africa-lines\/"},"modified":"2023-05-19T21:04:56","modified_gmt":"2023-05-19T21:04:56","slug":"africa-y-medio-oriente","status":"publish","type":"page","link":"https:\/\/bambergerpolymers.com\/es\/productos\/africa-y-medio-oriente\/","title":{"rendered":"L\u00edneas de productos para \u00c1frica y Oriente Medio"},"content":{"rendered":"","protected":false},"excerpt":{"rendered":"","protected":false},"author":1,"featured_media":0,"parent":533,"menu_order":0,"comment_status":"closed","ping_status":"closed","template":"","meta":{"_acf_changed":false,"inline_featured_image":false,"footnotes":""},"class_list":["post-537","page","type-page","status-publish","hentry"],"acf":[],"yoast_head":"<!-- This site is optimized with the Yoast SEO plugin v27.3 - https:\/\/yoast.com\/product\/yoast-seo-wordpress\/ -->\n<title>L\u00edneas de productos para \u00c1frica y Oriente Medio - Bamberger Polymers<\/title>\n<meta name=\"description\" content=\"Bamberger se ha asociado con algunas de las marcas m\u00e1s reconocidas del mundo y ofrece una amplia selecci\u00f3n de resinas pl\u00e1sticas a \u00c1frica y Oriente Medio.\" \/>\n<meta name=\"robots\" content=\"index, follow, max-snippet:-1, max-image-preview:large, max-video-preview:-1\" \/>\n<link rel=\"canonical\" href=\"https:\/\/bambergerpolymers.com\/es\/productos\/africa-y-medio-oriente\/\" \/>\n<meta property=\"og:locale\" content=\"es_ES\" \/>\n<meta property=\"og:type\" content=\"article\" \/>\n<meta property=\"og:title\" content=\"L\u00edneas de productos para \u00c1frica y Oriente Medio - Bamberger Polymers\" \/>\n<meta property=\"og:description\" content=\"Bamberger se ha asociado con algunas de las marcas m\u00e1s reconocidas del mundo y ofrece una amplia selecci\u00f3n de resinas pl\u00e1sticas a \u00c1frica y Oriente Medio.\" \/>\n<meta property=\"og:url\" content=\"https:\/\/bambergerpolymers.com\/es\/productos\/africa-y-medio-oriente\/\" \/>\n<meta property=\"og:site_name\" content=\"Bamberger Polymers\" \/>\n<meta property=\"article:modified_time\" content=\"2023-05-19T21:04:56+00:00\" \/>\n<meta name=\"twitter:card\" content=\"summary_large_image\" \/>\n<script type=\"application\/ld+json\" class=\"yoast-schema-graph\">{\"@context\":\"https:\\\/\\\/schema.org\",\"@graph\":[{\"@type\":\"WebPage\",\"@id\":\"https:\\\/\\\/bambergerpolymers.com\\\/es\\\/productos\\\/africa-y-medio-oriente\\\/\",\"url\":\"https:\\\/\\\/bambergerpolymers.com\\\/es\\\/productos\\\/africa-y-medio-oriente\\\/\",\"name\":\"L\u00edneas de productos para \u00c1frica y Oriente Medio - Bamberger Polymers\",\"isPartOf\":{\"@id\":\"https:\\\/\\\/bambergerpolymers.com\\\/es\\\/#website\"},\"datePublished\":\"2022-01-19T13:23:13+00:00\",\"dateModified\":\"2023-05-19T21:04:56+00:00\",\"description\":\"Bamberger se ha asociado con algunas de las marcas m\u00e1s reconocidas del mundo y ofrece una amplia selecci\u00f3n de resinas pl\u00e1sticas a \u00c1frica y Oriente Medio.\",\"breadcrumb\":{\"@id\":\"https:\\\/\\\/bambergerpolymers.com\\\/es\\\/productos\\\/africa-y-medio-oriente\\\/#breadcrumb\"},\"inLanguage\":\"es\",\"potentialAction\":[{\"@type\":\"ReadAction\",\"target\":[\"https:\\\/\\\/bambergerpolymers.com\\\/es\\\/productos\\\/africa-y-medio-oriente\\\/\"]}]},{\"@type\":\"BreadcrumbList\",\"@id\":\"https:\\\/\\\/bambergerpolymers.com\\\/es\\\/productos\\\/africa-y-medio-oriente\\\/#breadcrumb\",\"itemListElement\":[{\"@type\":\"ListItem\",\"position\":1,\"name\":\"Home\",\"item\":\"https:\\\/\\\/bambergerpolymers.com\\\/es\\\/\"},{\"@type\":\"ListItem\",\"position\":2,\"name\":\"Productos\",\"item\":\"https:\\\/\\\/bambergerpolymers.com\\\/es\\\/products\\\/\"},{\"@type\":\"ListItem\",\"position\":3,\"name\":\"L\u00edneas de productos para \u00c1frica y Oriente Medio\"}]},{\"@type\":\"WebSite\",\"@id\":\"https:\\\/\\\/bambergerpolymers.com\\\/es\\\/#website\",\"url\":\"https:\\\/\\\/bambergerpolymers.com\\\/es\\\/\",\"name\":\"Bamberger Polymers\",\"description\":\"Worldwide Resin Distribution\",\"potentialAction\":[{\"@type\":\"SearchAction\",\"target\":{\"@type\":\"EntryPoint\",\"urlTemplate\":\"https:\\\/\\\/bambergerpolymers.com\\\/es\\\/?s={search_term_string}\"},\"query-input\":{\"@type\":\"PropertyValueSpecification\",\"valueRequired\":true,\"valueName\":\"search_term_string\"}}],\"inLanguage\":\"es\"}]}<\/script>\n<!-- \/ Yoast SEO plugin. -->","yoast_head_json":{"title":"L\u00edneas de productos para \u00c1frica y Oriente Medio - Bamberger Polymers","description":"Bamberger se ha asociado con algunas de las marcas m\u00e1s reconocidas del mundo y ofrece una amplia selecci\u00f3n de resinas pl\u00e1sticas a \u00c1frica y Oriente Medio.","robots":{"index":"index","follow":"follow","max-snippet":"max-snippet:-1","max-image-preview":"max-image-preview:large","max-video-preview":"max-video-preview:-1"},"canonical":"https:\/\/bambergerpolymers.com\/es\/productos\/africa-y-medio-oriente\/","og_locale":"es_ES","og_type":"article","og_title":"L\u00edneas de productos para \u00c1frica y Oriente Medio - Bamberger Polymers","og_description":"Bamberger se ha asociado con algunas de las marcas m\u00e1s reconocidas del mundo y ofrece una amplia selecci\u00f3n de resinas pl\u00e1sticas a \u00c1frica y Oriente Medio.","og_url":"https:\/\/bambergerpolymers.com\/es\/productos\/africa-y-medio-oriente\/","og_site_name":"Bamberger Polymers","article_modified_time":"2023-05-19T21:04:56+00:00","twitter_card":"summary_large_image","schema":{"@context":"https:\/\/schema.org","@graph":[{"@type":"WebPage","@id":"https:\/\/bambergerpolymers.com\/es\/productos\/africa-y-medio-oriente\/","url":"https:\/\/bambergerpolymers.com\/es\/productos\/africa-y-medio-oriente\/","name":"L\u00edneas de productos para \u00c1frica y Oriente Medio - Bamberger Polymers","isPartOf":{"@id":"https:\/\/bambergerpolymers.com\/es\/#website"},"datePublished":"2022-01-19T13:23:13+00:00","dateModified":"2023-05-19T21:04:56+00:00","description":"Bamberger se ha asociado con algunas de las marcas m\u00e1s reconocidas del mundo y ofrece una amplia selecci\u00f3n de resinas pl\u00e1sticas a \u00c1frica y Oriente Medio.","breadcrumb":{"@id":"https:\/\/bambergerpolymers.com\/es\/productos\/africa-y-medio-oriente\/#breadcrumb"},"inLanguage":"es","potentialAction":[{"@type":"ReadAction","target":["https:\/\/bambergerpolymers.com\/es\/productos\/africa-y-medio-oriente\/"]}]},{"@type":"BreadcrumbList","@id":"https:\/\/bambergerpolymers.com\/es\/productos\/africa-y-medio-oriente\/#breadcrumb","itemListElement":[{"@type":"ListItem","position":1,"name":"Home","item":"https:\/\/bambergerpolymers.com\/es\/"},{"@type":"ListItem","position":2,"name":"Productos","item":"https:\/\/bambergerpolymers.com\/es\/products\/"},{"@type":"ListItem","position":3,"name":"L\u00edneas de productos para \u00c1frica y Oriente Medio"}]},{"@type":"WebSite","@id":"https:\/\/bambergerpolymers.com\/es\/#website","url":"https:\/\/bambergerpolymers.com\/es\/","name":"Bamberger Polymers","description":"Worldwide Resin Distribution","potentialAction":[{"@type":"SearchAction","target":{"@type":"EntryPoint","urlTemplate":"https:\/\/bambergerpolymers.com\/es\/?s={search_term_string}"},"query-input":{"@type":"PropertyValueSpecification","valueRequired":true,"valueName":"search_term_string"}}],"inLanguage":"es"}]}},"_links":{"self":[{"href":"https:\/\/bambergerpolymers.com\/es\/wp-json\/wp\/v2\/pages\/537","targetHints":{"allow":["GET"]}}],"collection":[{"href":"https:\/\/bambergerpolymers.com\/es\/wp-json\/wp\/v2\/pages"}],"about":[{"href":"https:\/\/bambergerpolymers.com\/es\/wp-json\/wp\/v2\/types\/page"}],"author":[{"embeddable":true,"href":"https:\/\/bambergerpolymers.com\/es\/wp-json\/wp\/v2\/users\/1"}],"replies":[{"embeddable":true,"href":"https:\/\/bambergerpolymers.com\/es\/wp-json\/wp\/v2\/comments?post=537"}],"version-history":[{"count":9,"href":"https:\/\/bambergerpolymers.com\/es\/wp-json\/wp\/v2\/pages\/537\/revisions"}],"predecessor-version":[{"id":1681,"href":"https:\/\/bambergerpolymers.com\/es\/wp-json\/wp\/v2\/pages\/537\/revisions\/1681"}],"up":[{"embeddable":true,"href":"https:\/\/bambergerpolymers.com\/es\/wp-json\/wp\/v2\/pages\/533"}],"wp:attachment":[{"href":"https:\/\/bambergerpolymers.com\/es\/wp-json\/wp\/v2\/media?parent=537"}],"curies":[{"name":"wp","href":"https:\/\/api.w.org\/{rel}","templated":true}]}}