{"id":549,"date":"2022-01-19T13:21:52","date_gmt":"2022-01-19T13:21:52","guid":{"rendered":"http:\/\/bambergerpolymers.com\/products\/south-america-lines\/"},"modified":"2023-05-19T21:03:00","modified_gmt":"2023-05-19T21:03:00","slug":"sudamerica","status":"publish","type":"page","link":"https:\/\/bambergerpolymers.com\/es\/productos\/sudamerica\/","title":{"rendered":"L\u00edneas de productos de resina para Sudam\u00e9rica"},"content":{"rendered":"","protected":false},"excerpt":{"rendered":"","protected":false},"author":1,"featured_media":0,"parent":533,"menu_order":0,"comment_status":"closed","ping_status":"closed","template":"","meta":{"_acf_changed":false,"inline_featured_image":false,"footnotes":""},"class_list":["post-549","page","type-page","status-publish","hentry"],"acf":[],"yoast_head":"<!-- This site is optimized with the Yoast SEO plugin v27.3 - https:\/\/yoast.com\/product\/yoast-seo-wordpress\/ -->\n<title>L\u00edneas de productos de resinas para Am\u00e9rica del Sur | Bamberger Polymers<\/title>\n<meta name=\"description\" content=\"Bamberger Polymers se ha asociado con un gran n\u00famero de marcas muy respetadas en la industria del pl\u00e1stico, y la distribuci\u00f3n de resina se est\u00e1 expandiendo a Sudam\u00e9rica.\" \/>\n<meta name=\"robots\" content=\"index, follow, max-snippet:-1, max-image-preview:large, max-video-preview:-1\" \/>\n<link rel=\"canonical\" href=\"https:\/\/bambergerpolymers.com\/es\/productos\/sudamerica\/\" \/>\n<meta property=\"og:locale\" content=\"es_ES\" \/>\n<meta property=\"og:type\" content=\"article\" \/>\n<meta property=\"og:title\" content=\"L\u00edneas de productos de resinas para Am\u00e9rica del Sur | Bamberger Polymers\" \/>\n<meta property=\"og:description\" content=\"Bamberger Polymers se ha asociado con un gran n\u00famero de marcas muy respetadas en la industria del pl\u00e1stico, y la distribuci\u00f3n de resina se est\u00e1 expandiendo a Sudam\u00e9rica.\" \/>\n<meta property=\"og:url\" content=\"https:\/\/bambergerpolymers.com\/es\/productos\/sudamerica\/\" \/>\n<meta property=\"og:site_name\" content=\"Bamberger Polymers\" \/>\n<meta property=\"article:modified_time\" content=\"2023-05-19T21:03:00+00:00\" \/>\n<meta name=\"twitter:card\" content=\"summary_large_image\" \/>\n<script type=\"application\/ld+json\" class=\"yoast-schema-graph\">{\"@context\":\"https:\\\/\\\/schema.org\",\"@graph\":[{\"@type\":\"WebPage\",\"@id\":\"https:\\\/\\\/bambergerpolymers.com\\\/es\\\/productos\\\/sudamerica\\\/\",\"url\":\"https:\\\/\\\/bambergerpolymers.com\\\/es\\\/productos\\\/sudamerica\\\/\",\"name\":\"L\u00edneas de productos de resinas para Am\u00e9rica del Sur | Bamberger Polymers\",\"isPartOf\":{\"@id\":\"https:\\\/\\\/bambergerpolymers.com\\\/es\\\/#website\"},\"datePublished\":\"2022-01-19T13:21:52+00:00\",\"dateModified\":\"2023-05-19T21:03:00+00:00\",\"description\":\"Bamberger Polymers se ha asociado con un gran n\u00famero de marcas muy respetadas en la industria del pl\u00e1stico, y la distribuci\u00f3n de resina se est\u00e1 expandiendo a Sudam\u00e9rica.\",\"breadcrumb\":{\"@id\":\"https:\\\/\\\/bambergerpolymers.com\\\/es\\\/productos\\\/sudamerica\\\/#breadcrumb\"},\"inLanguage\":\"es\",\"potentialAction\":[{\"@type\":\"ReadAction\",\"target\":[\"https:\\\/\\\/bambergerpolymers.com\\\/es\\\/productos\\\/sudamerica\\\/\"]}]},{\"@type\":\"BreadcrumbList\",\"@id\":\"https:\\\/\\\/bambergerpolymers.com\\\/es\\\/productos\\\/sudamerica\\\/#breadcrumb\",\"itemListElement\":[{\"@type\":\"ListItem\",\"position\":1,\"name\":\"Home\",\"item\":\"https:\\\/\\\/bambergerpolymers.com\\\/es\\\/\"},{\"@type\":\"ListItem\",\"position\":2,\"name\":\"Productos\",\"item\":\"https:\\\/\\\/bambergerpolymers.com\\\/es\\\/products\\\/\"},{\"@type\":\"ListItem\",\"position\":3,\"name\":\"L\u00edneas de productos de resina para Sudam\u00e9rica\"}]},{\"@type\":\"WebSite\",\"@id\":\"https:\\\/\\\/bambergerpolymers.com\\\/es\\\/#website\",\"url\":\"https:\\\/\\\/bambergerpolymers.com\\\/es\\\/\",\"name\":\"Bamberger Polymers\",\"description\":\"Worldwide Resin Distribution\",\"potentialAction\":[{\"@type\":\"SearchAction\",\"target\":{\"@type\":\"EntryPoint\",\"urlTemplate\":\"https:\\\/\\\/bambergerpolymers.com\\\/es\\\/?s={search_term_string}\"},\"query-input\":{\"@type\":\"PropertyValueSpecification\",\"valueRequired\":true,\"valueName\":\"search_term_string\"}}],\"inLanguage\":\"es\"}]}<\/script>\n<!-- \/ Yoast SEO plugin. -->","yoast_head_json":{"title":"L\u00edneas de productos de resinas para Am\u00e9rica del Sur | Bamberger Polymers","description":"Bamberger Polymers se ha asociado con un gran n\u00famero de marcas muy respetadas en la industria del pl\u00e1stico, y la distribuci\u00f3n de resina se est\u00e1 expandiendo a Sudam\u00e9rica.","robots":{"index":"index","follow":"follow","max-snippet":"max-snippet:-1","max-image-preview":"max-image-preview:large","max-video-preview":"max-video-preview:-1"},"canonical":"https:\/\/bambergerpolymers.com\/es\/productos\/sudamerica\/","og_locale":"es_ES","og_type":"article","og_title":"L\u00edneas de productos de resinas para Am\u00e9rica del Sur | Bamberger Polymers","og_description":"Bamberger Polymers se ha asociado con un gran n\u00famero de marcas muy respetadas en la industria del pl\u00e1stico, y la distribuci\u00f3n de resina se est\u00e1 expandiendo a Sudam\u00e9rica.","og_url":"https:\/\/bambergerpolymers.com\/es\/productos\/sudamerica\/","og_site_name":"Bamberger Polymers","article_modified_time":"2023-05-19T21:03:00+00:00","twitter_card":"summary_large_image","schema":{"@context":"https:\/\/schema.org","@graph":[{"@type":"WebPage","@id":"https:\/\/bambergerpolymers.com\/es\/productos\/sudamerica\/","url":"https:\/\/bambergerpolymers.com\/es\/productos\/sudamerica\/","name":"L\u00edneas de productos de resinas para Am\u00e9rica del Sur | Bamberger Polymers","isPartOf":{"@id":"https:\/\/bambergerpolymers.com\/es\/#website"},"datePublished":"2022-01-19T13:21:52+00:00","dateModified":"2023-05-19T21:03:00+00:00","description":"Bamberger Polymers se ha asociado con un gran n\u00famero de marcas muy respetadas en la industria del pl\u00e1stico, y la distribuci\u00f3n de resina se est\u00e1 expandiendo a Sudam\u00e9rica.","breadcrumb":{"@id":"https:\/\/bambergerpolymers.com\/es\/productos\/sudamerica\/#breadcrumb"},"inLanguage":"es","potentialAction":[{"@type":"ReadAction","target":["https:\/\/bambergerpolymers.com\/es\/productos\/sudamerica\/"]}]},{"@type":"BreadcrumbList","@id":"https:\/\/bambergerpolymers.com\/es\/productos\/sudamerica\/#breadcrumb","itemListElement":[{"@type":"ListItem","position":1,"name":"Home","item":"https:\/\/bambergerpolymers.com\/es\/"},{"@type":"ListItem","position":2,"name":"Productos","item":"https:\/\/bambergerpolymers.com\/es\/products\/"},{"@type":"ListItem","position":3,"name":"L\u00edneas de productos de resina para Sudam\u00e9rica"}]},{"@type":"WebSite","@id":"https:\/\/bambergerpolymers.com\/es\/#website","url":"https:\/\/bambergerpolymers.com\/es\/","name":"Bamberger Polymers","description":"Worldwide Resin Distribution","potentialAction":[{"@type":"SearchAction","target":{"@type":"EntryPoint","urlTemplate":"https:\/\/bambergerpolymers.com\/es\/?s={search_term_string}"},"query-input":{"@type":"PropertyValueSpecification","valueRequired":true,"valueName":"search_term_string"}}],"inLanguage":"es"}]}},"_links":{"self":[{"href":"https:\/\/bambergerpolymers.com\/es\/wp-json\/wp\/v2\/pages\/549","targetHints":{"allow":["GET"]}}],"collection":[{"href":"https:\/\/bambergerpolymers.com\/es\/wp-json\/wp\/v2\/pages"}],"about":[{"href":"https:\/\/bambergerpolymers.com\/es\/wp-json\/wp\/v2\/types\/page"}],"author":[{"embeddable":true,"href":"https:\/\/bambergerpolymers.com\/es\/wp-json\/wp\/v2\/users\/1"}],"replies":[{"embeddable":true,"href":"https:\/\/bambergerpolymers.com\/es\/wp-json\/wp\/v2\/comments?post=549"}],"version-history":[{"count":6,"href":"https:\/\/bambergerpolymers.com\/es\/wp-json\/wp\/v2\/pages\/549\/revisions"}],"predecessor-version":[{"id":1679,"href":"https:\/\/bambergerpolymers.com\/es\/wp-json\/wp\/v2\/pages\/549\/revisions\/1679"}],"up":[{"embeddable":true,"href":"https:\/\/bambergerpolymers.com\/es\/wp-json\/wp\/v2\/pages\/533"}],"wp:attachment":[{"href":"https:\/\/bambergerpolymers.com\/es\/wp-json\/wp\/v2\/media?parent=549"}],"curies":[{"name":"wp","href":"https:\/\/api.w.org\/{rel}","templated":true}]}}