{"id":873,"date":"2022-06-14T20:19:17","date_gmt":"2022-06-14T20:19:17","guid":{"rendered":"http:\/\/bambergerpolymers.com\/contacto\/success\/"},"modified":"2023-02-22T16:01:13","modified_gmt":"2023-02-22T16:01:13","slug":"success","status":"publish","type":"page","link":"https:\/\/bambergerpolymers.com\/es\/contacto\/success\/","title":{"rendered":"Contacto \u00c9xito"},"content":{"rendered":"","protected":false},"excerpt":{"rendered":"","protected":false},"author":1,"featured_media":0,"parent":494,"menu_order":0,"comment_status":"closed","ping_status":"closed","template":"templates\/success-page-template.php","meta":{"_acf_changed":false,"inline_featured_image":false,"footnotes":""},"class_list":["post-873","page","type-page","status-publish","hentry"],"acf":[],"yoast_head":"<!-- This site is optimized with the Yoast SEO plugin v27.3 - https:\/\/yoast.com\/product\/yoast-seo-wordpress\/ -->\n<title>\u00bfPreguntas sobre resinas? Env\u00ede un correo electr\u00f3nico a nuestro equipo | Bamberger Polymers<\/title>\n<meta name=\"description\" content=\"\u00bfBusca informaci\u00f3n general sobre resinas, informaci\u00f3n sobre productos, presupuestos o asistencia t\u00e9cnica? Env\u00ede hoy mismo un correo electr\u00f3nico a nuestro equipo t\u00e9cnico de Bamberger Polymers\" \/>\n<meta name=\"robots\" content=\"index, follow, max-snippet:-1, max-image-preview:large, max-video-preview:-1\" \/>\n<link rel=\"canonical\" href=\"https:\/\/bambergerpolymers.com\/es\/contacto\/success\/\" \/>\n<meta property=\"og:locale\" content=\"es_ES\" \/>\n<meta property=\"og:type\" content=\"article\" \/>\n<meta property=\"og:title\" content=\"\u00bfPreguntas sobre resinas? Env\u00ede un correo electr\u00f3nico a nuestro equipo | Bamberger Polymers\" \/>\n<meta property=\"og:description\" content=\"\u00bfBusca informaci\u00f3n general sobre resinas, informaci\u00f3n sobre productos, presupuestos o asistencia t\u00e9cnica? Env\u00ede hoy mismo un correo electr\u00f3nico a nuestro equipo t\u00e9cnico de Bamberger Polymers\" \/>\n<meta property=\"og:url\" content=\"https:\/\/bambergerpolymers.com\/es\/contacto\/success\/\" \/>\n<meta property=\"og:site_name\" content=\"Bamberger Polymers\" \/>\n<meta property=\"article:modified_time\" content=\"2023-02-22T16:01:13+00:00\" \/>\n<meta name=\"twitter:card\" content=\"summary_large_image\" \/>\n<script type=\"application\/ld+json\" class=\"yoast-schema-graph\">{\"@context\":\"https:\\\/\\\/schema.org\",\"@graph\":[{\"@type\":\"WebPage\",\"@id\":\"https:\\\/\\\/bambergerpolymers.com\\\/es\\\/contacto\\\/success\\\/\",\"url\":\"https:\\\/\\\/bambergerpolymers.com\\\/es\\\/contacto\\\/success\\\/\",\"name\":\"\u00bfPreguntas sobre resinas? Env\u00ede un correo electr\u00f3nico a nuestro equipo | Bamberger Polymers\",\"isPartOf\":{\"@id\":\"https:\\\/\\\/bambergerpolymers.com\\\/es\\\/#website\"},\"datePublished\":\"2022-06-14T20:19:17+00:00\",\"dateModified\":\"2023-02-22T16:01:13+00:00\",\"description\":\"\u00bfBusca informaci\u00f3n general sobre resinas, informaci\u00f3n sobre productos, presupuestos o asistencia t\u00e9cnica? Env\u00ede hoy mismo un correo electr\u00f3nico a nuestro equipo t\u00e9cnico de Bamberger Polymers\",\"breadcrumb\":{\"@id\":\"https:\\\/\\\/bambergerpolymers.com\\\/es\\\/contacto\\\/success\\\/#breadcrumb\"},\"inLanguage\":\"es\",\"potentialAction\":[{\"@type\":\"ReadAction\",\"target\":[\"https:\\\/\\\/bambergerpolymers.com\\\/es\\\/contacto\\\/success\\\/\"]}]},{\"@type\":\"BreadcrumbList\",\"@id\":\"https:\\\/\\\/bambergerpolymers.com\\\/es\\\/contacto\\\/success\\\/#breadcrumb\",\"itemListElement\":[{\"@type\":\"ListItem\",\"position\":1,\"name\":\"Home\",\"item\":\"https:\\\/\\\/bambergerpolymers.com\\\/es\\\/\"},{\"@type\":\"ListItem\",\"position\":2,\"name\":\"Contacte con\",\"item\":\"https:\\\/\\\/bambergerpolymers.com\\\/es\\\/contact\\\/\"},{\"@type\":\"ListItem\",\"position\":3,\"name\":\"Contacto \u00c9xito\"}]},{\"@type\":\"WebSite\",\"@id\":\"https:\\\/\\\/bambergerpolymers.com\\\/es\\\/#website\",\"url\":\"https:\\\/\\\/bambergerpolymers.com\\\/es\\\/\",\"name\":\"Bamberger Polymers\",\"description\":\"Worldwide Resin Distribution\",\"potentialAction\":[{\"@type\":\"SearchAction\",\"target\":{\"@type\":\"EntryPoint\",\"urlTemplate\":\"https:\\\/\\\/bambergerpolymers.com\\\/es\\\/?s={search_term_string}\"},\"query-input\":{\"@type\":\"PropertyValueSpecification\",\"valueRequired\":true,\"valueName\":\"search_term_string\"}}],\"inLanguage\":\"es\"}]}<\/script>\n<!-- \/ Yoast SEO plugin. -->","yoast_head_json":{"title":"\u00bfPreguntas sobre resinas? Env\u00ede un correo electr\u00f3nico a nuestro equipo | Bamberger Polymers","description":"\u00bfBusca informaci\u00f3n general sobre resinas, informaci\u00f3n sobre productos, presupuestos o asistencia t\u00e9cnica? Env\u00ede hoy mismo un correo electr\u00f3nico a nuestro equipo t\u00e9cnico de Bamberger Polymers","robots":{"index":"index","follow":"follow","max-snippet":"max-snippet:-1","max-image-preview":"max-image-preview:large","max-video-preview":"max-video-preview:-1"},"canonical":"https:\/\/bambergerpolymers.com\/es\/contacto\/success\/","og_locale":"es_ES","og_type":"article","og_title":"\u00bfPreguntas sobre resinas? Env\u00ede un correo electr\u00f3nico a nuestro equipo | Bamberger Polymers","og_description":"\u00bfBusca informaci\u00f3n general sobre resinas, informaci\u00f3n sobre productos, presupuestos o asistencia t\u00e9cnica? Env\u00ede hoy mismo un correo electr\u00f3nico a nuestro equipo t\u00e9cnico de Bamberger Polymers","og_url":"https:\/\/bambergerpolymers.com\/es\/contacto\/success\/","og_site_name":"Bamberger Polymers","article_modified_time":"2023-02-22T16:01:13+00:00","twitter_card":"summary_large_image","schema":{"@context":"https:\/\/schema.org","@graph":[{"@type":"WebPage","@id":"https:\/\/bambergerpolymers.com\/es\/contacto\/success\/","url":"https:\/\/bambergerpolymers.com\/es\/contacto\/success\/","name":"\u00bfPreguntas sobre resinas? Env\u00ede un correo electr\u00f3nico a nuestro equipo | Bamberger Polymers","isPartOf":{"@id":"https:\/\/bambergerpolymers.com\/es\/#website"},"datePublished":"2022-06-14T20:19:17+00:00","dateModified":"2023-02-22T16:01:13+00:00","description":"\u00bfBusca informaci\u00f3n general sobre resinas, informaci\u00f3n sobre productos, presupuestos o asistencia t\u00e9cnica? Env\u00ede hoy mismo un correo electr\u00f3nico a nuestro equipo t\u00e9cnico de Bamberger Polymers","breadcrumb":{"@id":"https:\/\/bambergerpolymers.com\/es\/contacto\/success\/#breadcrumb"},"inLanguage":"es","potentialAction":[{"@type":"ReadAction","target":["https:\/\/bambergerpolymers.com\/es\/contacto\/success\/"]}]},{"@type":"BreadcrumbList","@id":"https:\/\/bambergerpolymers.com\/es\/contacto\/success\/#breadcrumb","itemListElement":[{"@type":"ListItem","position":1,"name":"Home","item":"https:\/\/bambergerpolymers.com\/es\/"},{"@type":"ListItem","position":2,"name":"Contacte con","item":"https:\/\/bambergerpolymers.com\/es\/contact\/"},{"@type":"ListItem","position":3,"name":"Contacto \u00c9xito"}]},{"@type":"WebSite","@id":"https:\/\/bambergerpolymers.com\/es\/#website","url":"https:\/\/bambergerpolymers.com\/es\/","name":"Bamberger Polymers","description":"Worldwide Resin Distribution","potentialAction":[{"@type":"SearchAction","target":{"@type":"EntryPoint","urlTemplate":"https:\/\/bambergerpolymers.com\/es\/?s={search_term_string}"},"query-input":{"@type":"PropertyValueSpecification","valueRequired":true,"valueName":"search_term_string"}}],"inLanguage":"es"}]}},"_links":{"self":[{"href":"https:\/\/bambergerpolymers.com\/es\/wp-json\/wp\/v2\/pages\/873","targetHints":{"allow":["GET"]}}],"collection":[{"href":"https:\/\/bambergerpolymers.com\/es\/wp-json\/wp\/v2\/pages"}],"about":[{"href":"https:\/\/bambergerpolymers.com\/es\/wp-json\/wp\/v2\/types\/page"}],"author":[{"embeddable":true,"href":"https:\/\/bambergerpolymers.com\/es\/wp-json\/wp\/v2\/users\/1"}],"replies":[{"embeddable":true,"href":"https:\/\/bambergerpolymers.com\/es\/wp-json\/wp\/v2\/comments?post=873"}],"version-history":[{"count":3,"href":"https:\/\/bambergerpolymers.com\/es\/wp-json\/wp\/v2\/pages\/873\/revisions"}],"predecessor-version":[{"id":1419,"href":"https:\/\/bambergerpolymers.com\/es\/wp-json\/wp\/v2\/pages\/873\/revisions\/1419"}],"up":[{"embeddable":true,"href":"https:\/\/bambergerpolymers.com\/es\/wp-json\/wp\/v2\/pages\/494"}],"wp:attachment":[{"href":"https:\/\/bambergerpolymers.com\/es\/wp-json\/wp\/v2\/media?parent=873"}],"curies":[{"name":"wp","href":"https:\/\/api.w.org\/{rel}","templated":true}]}}